{"id":1198,"date":"2021-03-05T13:06:58","date_gmt":"2021-03-05T12:06:58","guid":{"rendered":"https:\/\/sca.kis.si\/?page_id=1198"},"modified":"2024-02-06T09:12:46","modified_gmt":"2024-02-06T08:12:46","slug":"o-slovenskoj-pcelarskoj-akademiji","status":"publish","type":"page","link":"https:\/\/sca.kis.si\/hr\/o-slovenskoj-pcelarskoj-akademiji\/","title":{"rendered":"O Slovenskoj p\u010delarskoj akademiji"},"content":{"rendered":"<p>Na temelju Zakona o poljoprivredi 2018. godine osnovana je Slovenska p\u010delarska akademija (SPA) kao organizacijska jedinica PIS (Poljoprivredni institut Slovenije).\u00a0SPA je namijenjena neformalnom obrazovanju stranaca, provoditelja obrazovanja i ostaloj zainteresiranoj javnosti na podru\u010dju p\u010delarstva. SPA sura\u0111uje s obrazovnim ustanovama i drugim pravnim i fizi\u010dkim osobama koje djeluju na podru\u010dju p\u010delarstva u Republici Sloveniji i inozemstvu. Brine o zajedni\u010dkoj promociji obrazovnih ustanova Republike Slovenije s podru\u010dja p\u010delarstva kao i \u0161irenja novih znanja u nacionalnim i me\u0111unarodnim okvirima povezano s istra\u017eiva\u010dkim i razvojnim radom na podru\u010dju p\u010delarstva.\u00a0SPA je osnovana upravo sa svrhom prijenosa slovenskog znanja, kompetencija i praksi slovenske p\u010delarske prakse u inozemstvo.<\/p>\n<p>&nbsp;<\/p>\n<p>Predstojnik SPA<\/p>\n<table width=\"833\">\n<tbody>\n<tr>\n<td width=\"136\"><strong>Ime i prezime<\/strong><\/td>\n<td width=\"697\"><strong>Valentina Cvjetkovi\u010d<\/strong><\/td>\n<\/tr>\n<tr>\n<td width=\"136\">Kontakt<\/td>\n<td width=\"697\">valentina.cvjetkovic@kis.si<\/td>\n<\/tr>\n<tr>\n<td width=\"136\">Zada\u0107e<\/td>\n<td width=\"697\">\n<ul>\n<li>Koordiniranje rada programskog odbora, priprema sadr\u017eaja godi\u0161njeg programa i financijskog plana SPA koji je sastavni dio programa rada PIS;<\/li>\n<li>odgovornost za ispunjavanje godi\u0161njeg programa rada;<\/li>\n<li>briga o pravovremenom izvr\u0161enju godi\u0161njeg programa rada i priprema izvje\u0161\u0107a;<\/li>\n<li>briga o promociji SPA;<\/li>\n<li>obavljanje ostalih zadataka odre\u0111enih osniva\u010dkim aktom.<\/li>\n<\/ul>\n<\/td>\n<\/tr>\n<\/tbody>\n<\/table>\n<p>&nbsp;<\/p>\n<p><strong>PRIDRU\u017dENE INSTITUCIJE\u00a0\u00a0<\/strong><\/p>\n<p><strong><u>Poljoprivredni institut Slovenije<br \/>\n<a href=\"https:\/\/www.kis.si\/\">https:\/\/www.kis.si\/<\/a><br \/>\n<\/u><\/strong><\/p>\n<p><strong><img loading=\"lazy\" decoding=\"async\" class=\"alignnone size-medium wp-image-710\" src=\"https:\/\/sca.kis.si\/wp-content\/uploads\/2021\/03\/kis-300x48.jpg\" alt=\"\" width=\"300\" height=\"48\" srcset=\"https:\/\/sca.kis.si\/wp-content\/uploads\/2021\/03\/kis-300x48.jpg 300w, https:\/\/sca.kis.si\/wp-content\/uploads\/2021\/03\/kis.jpg 358w\" sizes=\"auto, (max-width: 300px) 100vw, 300px\" \/><br \/>\n<\/strong><\/p>\n<p>PIS je vode\u0107a istra\u017eiva\u010dka institucija na podru\u010dju poljoprivrede u Sloveniji. Cjelovito se bavi problematikom suvremene poljoprivrede te \u0161iri svoje djelovanje na podru\u010dje za\u0161tite okoli\u0161a i\u00a0 ekologije. To je javni istra\u017eiva\u010dki zavod koji provodi temeljna, primjenjiva i razvojna istra\u017eivanja te stru\u010dne zadatke u poljoprivredi, objavljuje rezultate znanstveno-istra\u017eiva\u010dkog, stru\u010dnog i kontrolnog rada, obavlja zadatke na temelju ovla\u0161tenja i akreditacija, provjerava kvalitetu poljoprivrednih proizvoda i proizvoda koji se koriste u poljoprivredi. Institut se bavi\u00a0 i osposobljavanjem proizvo\u0111a\u010da, obrazovanjem mladih i savjetovanjem razli\u010ditih korisnika u poljoprivredi.<\/p>\n<p>Skupina za p\u010delarstvo na Odjelu za sto\u010darstvo je suizvo\u0111a\u010d uzgojnog programa za sivu p\u010delu <em>(Apis mellifera carnica).<\/em> Zajedno s partnerima, PSS, savjetuju i podupiru vi\u0161e od trideset uzgajiva\u010da matica sive p\u010dele. Program podupire MPGP. Na temelju prihva\u0107enog Zajedni\u010dkog temeljnog uzgojnog programa u sto\u010darstvu i ugovora o izvo\u0111enju stru\u010dnih zada\u0107a s Priznatom uzgajiva\u010dkom organizacijom u p\u010delarstvu &#8211; PSS izvodi stru\u010dne zada\u0107e u p\u010delarstvu. Uzgajiva\u010dki program za sivu p\u010delu u ovakvom je ili druk\u010dijem obliku implementiran barem trideset godina. Trude se da prate nove spoznaje kod uzgoja i selekcije kako na fenotipskom, tako i na genomskom nivou. Skupina za p\u010delarstvo u PIS vodi izvornu rodovni\u010dku knjigu sive p\u010dele i savjetuje kod selekcije linija. Izdaju zootehni\u010dke dokumente te izvode progeno i direktno testiranje p\u010delinjih matica.<\/p>\n<p><img loading=\"lazy\" decoding=\"async\" class=\"alignnone wp-image-537 size-full\" src=\"https:\/\/sca.kis.si\/wp-content\/uploads\/2021\/03\/IMG_3_19_b.jpg\" alt=\"\" width=\"700\" height=\"525\" srcset=\"https:\/\/sca.kis.si\/wp-content\/uploads\/2021\/03\/IMG_3_19_b.jpg 700w, https:\/\/sca.kis.si\/wp-content\/uploads\/2021\/03\/IMG_3_19_b-300x225.jpg 300w\" sizes=\"auto, (max-width: 700px) 100vw, 700px\" \/><\/p>\n<p>Skupina je bila zadu\u017eena za razvoj i implementaciju pilot projekta razvoja p\u010delarstva u Banglade\u0161u. Inicijativa za projekt s podru\u010dja p\u010delarstva bila je slu\u017ebeno predstavljena na susretu slovenske dr\u017eavne delegacije i vodstva BRAC u studenom 2016. godine. BRAC je kao organizaciju zanimala mogu\u0107nost razvoja p\u010delarstva kao jedne od poljoprivrednih djelatnosti pod okriljem BRAC koja bi se, ako bi projekt bio uspje\u0161an, prenijela na nivo poljoprivrednika uz istovremenu izgradnju cjelovitog vrijednosnog lanca. Kod planiranja odlu\u010dili smo se za prakti\u010dni pristup. Na teren u Banglade\u0161 uputili su instruktora, iskusnog p\u010delara i uzgajiva\u010da p\u010delinjih matica g. Brane Kozinca. Poslije dvije godine pilot projekt uspje\u0161no je zavr\u0161en. Jedan od najva\u017enijih rezultata bio je med europske kvalitete s manje od 17% vlage. To je rezultat koji se nitko nije usudio prognozirati na po\u010detku projekta. P\u010delarsko znanje je banglade\u0161koj strani bilo preneseno u dostatnoj mjeri da je ekipa BRAC bila sposobna izvesti bitne p\u010delarske radnje, uklju\u010divo s preseljenjem mobilnog p\u010delinjaka. Rezultat je i spoznaja da se p\u010delarstvo kakvo poznajemo u Europi mo\u017ee preslikati u zemlje tre\u0107eg svijeta.<\/p>\n<p><img loading=\"lazy\" decoding=\"async\" class=\"alignnone wp-image-541 size-full\" src=\"https:\/\/sca.kis.si\/wp-content\/uploads\/2021\/03\/BD00-12_b.jpg\" alt=\"\" width=\"700\" height=\"467\" srcset=\"https:\/\/sca.kis.si\/wp-content\/uploads\/2021\/03\/BD00-12_b.jpg 700w, https:\/\/sca.kis.si\/wp-content\/uploads\/2021\/03\/BD00-12_b-300x200.jpg 300w\" sizes=\"auto, (max-width: 700px) 100vw, 700px\" \/><\/p>\n<p>&nbsp;<\/p>\n<p><strong>P\u010delarski savez Slovenije<br \/>\n<a href=\"https:\/\/www.czs.si\/\">https:\/\/www.czs.si\/<\/a><br \/>\n<\/strong><\/p>\n<p><strong> <img loading=\"lazy\" decoding=\"async\" class=\"alignnone size-full wp-image-702\" src=\"https:\/\/sca.kis.si\/wp-content\/uploads\/2021\/03\/czs.jpg\" alt=\"\" width=\"211\" height=\"186\" \/><\/strong><\/p>\n<p>To je dru\u0161tvena, neprofitna stru\u010dna organizacija koju su 1873. godine osnovala p\u010delarska dru\u0161tva za ostvarivanje zajedni\u010dkih interesa. Svrhe i ciljevi saveza su suradnja s dr\u017eavnim tijelima i organizacijama kod planiranja kratkoro\u010dne i dugoro\u010dne poljoprivredne politike na podru\u010dju p\u010delarstva, upoznavanje \u0161ire dru\u0161tvene zajednice sa zna\u010denjem p\u010delarstva i p\u010delinjih proizvoda, izvo\u0111enje radova i zada\u0107a uzgajiva\u010dke organizacije, ja\u010danje p\u010delarske etike, obrazovanje, osposobljavanje i informiranje p\u010delara, p\u010delarskih dru\u0161tva i ostale zainteresirane javnosti. Savez posje\u0161uje proizvodnju, preradu i potro\u0161nju p\u010delarskih proizvoda, organizira i poti\u010de \u0161irenje p\u010delinjih pa\u0161a, sudjeluje ili organizira selekciju i uzgoj pasmine \u010diste, zdrave i \u0161to korisnije sive p\u010dele te poti\u010de gra\u0111anstvo i mlade u okviru p\u010delarskih izvannastavnih aktivnosti na bavljenje p\u010delarstvom.<\/p>\n<p>U okviru PSS djeluje i stru\u010dna knji\u017enica Janeza Goli\u010dnika gdje je na raspolaganju vi\u0161e od 3000 jedinica stru\u010dne p\u010delarske literature koja je namijenjena osposobljavanju p\u010delara i \u0161ire javnosti. Od iznimne su vrijednosti uvezana godi\u0161nja izdanja Slovenskog p\u010delara koji redovito izlazi ve\u0107 du\u017ee od stolje\u0107a jer ga PSS kao svoju stru\u010dnu reviju izdaje ve\u0107 od 1898. godine. Slovenski p\u010delar najstarija je stru\u010dna periodi\u010dka publikacija koja redovito izlazi u Sloveniji jer redovito i neprekidno izlazi vi\u0161e od 120 godina.<\/p>\n<p>PSS ima koncesiju za provo\u0111enje javne savjetodavne slu\u017ebe u p\u010delarstvu (JSSP) koja sistematski obavje\u0161tava i osvje\u0161tava op\u0107u javnost i potro\u0161a\u010de o zna\u010denju i ulozi p\u010delarstva kao interdisciplinarne grane, o ulozi p\u010dela kod opra\u0161ivanja biljaka te o zna\u010denju zdravog i besprijekornog meda kao jedne od rijetkih prirodnih zdravih namirnica. JSSP provodi zada\u0107e koje su odre\u0111ene u Zakonu o poljoprivredi: savjetovanje na podru\u010dju tehnologije, ekonomike i sigurne hrane, savjetovanje kod izrade razvojnih planova p\u010delarstva, savjetovanje kod uvo\u0111enja mjera zajedni\u010dke poljoprivredne politike s podru\u010dja p\u010delarstva, savjetovanje kod pripreme propisa, razvojnih programa u p\u010delarstvu, osvje\u0161tavanje mlade\u017ei i \u0161ire javnosti o zna\u010denju p\u010delarstva.<\/p>\n<p><img loading=\"lazy\" decoding=\"async\" class=\"alignnone wp-image-532 size-large\" src=\"https:\/\/sca.kis.si\/wp-content\/uploads\/2021\/03\/Cebelarski-center-Slovenije-1024x681.jpg\" alt=\"\" width=\"640\" height=\"426\" srcset=\"https:\/\/sca.kis.si\/wp-content\/uploads\/2021\/03\/Cebelarski-center-Slovenije-1024x681.jpg 1024w, https:\/\/sca.kis.si\/wp-content\/uploads\/2021\/03\/Cebelarski-center-Slovenije-300x199.jpg 300w, https:\/\/sca.kis.si\/wp-content\/uploads\/2021\/03\/Cebelarski-center-Slovenije-768x510.jpg 768w, https:\/\/sca.kis.si\/wp-content\/uploads\/2021\/03\/Cebelarski-center-Slovenije.jpg 1500w\" sizes=\"auto, (max-width: 640px) 100vw, 640px\" \/><\/p>\n<p>Na temelju rje\u0161enja MPGP, PSS ima i status Priznate uzgajiva\u010dke organizacije za sivu p\u010delu. PSS izvodi uzgajiva\u010dki program koji je potvrdilo MPGP i u kojemu su detaljno opisane zada\u0107e na podru\u010dju uzgoja sive p\u010dele na podru\u010dju Slovenije. Zada\u0107e Druge priznate uzgajiva\u010dke organizacije za sivu p\u010delu provodi PIS kojemu je PSS na temelju ugovora ustupio provo\u0111enje odre\u0111enih zada\u0107a iz uzgajiva\u010dkog programa.<\/p>\n<p>U okviru PSS kod nas vi\u0161e od sto godina djeluje Promatra\u010dko-prognosti\u010dka slu\u017eba medenja (PPS) koja je stekla ugled u cijelom svijetu. Slu\u017eba ima voditelja i terenske izvjestitelje \u010diji su glavni zadaci prognoziranje medenja, provo\u0111enje terenskih pregleda rodnih \u00a0oblika proizvo\u0111a\u010da meduna, nadziranje razvoja proizvo\u0111a\u010da meduna i stanja izvora medenja, osposobljavanje p\u010delara za metode prognoziranja medenja te preno\u0161enje znanja o prognoziranju medenja na p\u010delare.<\/p>\n<p>&nbsp;<\/p>\n<p><strong>Biotehni\u010dki fakultet (Sveu\u010dili\u0161te u Ljubljani)<br \/>\n<a href=\"https:\/\/www.bf.uni-lj.si\/sl\/\">https:\/\/www.bf.uni-lj.si\/sl\/<\/a><br \/>\n<\/strong><\/p>\n<p><strong> <img loading=\"lazy\" decoding=\"async\" class=\"alignnone size-full wp-image-677\" src=\"https:\/\/sca.kis.si\/wp-content\/uploads\/2021\/03\/biotehnis\u030cka-fakulteta.jpg\" alt=\"\" width=\"231\" height=\"71\" \/><\/strong><\/p>\n<p>Biotehni\u010dki fakultet je istra\u017eiva\u010dko obrazovna zajednica visoko \u0161kolskih u\u010ditelja, studenata, istra\u017eiva\u010da i suradnika koji se brinu o visoko\u0161kolskom stru\u010dnom i poslijediplomskom obrazovanju, znanstveno-istra\u017eiva\u010dkom, stru\u010dnom i savjetodavnom radu s podru\u010dja znanosti o \u017eivoj prirodi (biologija, mikrobiologija) te poljoprivrede, \u0161umarstva i uzgoja riba (\u0161umarstvo, zootehnika, agronomija) i s njima povezanih proizvodnih tehnologija (drvna industrija, prehrambena industrija, biotehnologija).<\/p>\n<p>U okviru BF Sveu\u010dili\u0161ta u Ljubljani djeluje Centar za p\u010delarstvo koji povezuje istra\u017eiva\u010de, pedago\u0161ke radnike i stru\u010dno osoblje koje djeluje na podru\u010dju p\u010delarstva unutar fakulteta. Glavna tematska podru\u010dja su fiziologija i pona\u0161anje medonosne p\u010dele, toksikologija p\u010dela, molekularna i populacijska genetika p\u010dela, imunologija p\u010dela, fizikalno-kemijska i senzorna obilje\u017eja p\u010delinjih proizvoda, sigurnost p\u010delinjih proizvoda i tehnologija p\u010delarstva. Fakultet s obzirom na potrebe i mogu\u0107nosti uklju\u010duje i druga tematska podru\u010dja koja pokrivaju istra\u017eiva\u010dke skupine i katedre svih odjela na fakultetu kao \u0161to su izvori pa\u0161e (medonosno bilje i proizvo\u0111a\u010di meduna), biologija parazita i uzro\u010dnika bolesti, uloga mikroorganizama u probavnom traktu p\u010dela i u p\u010delinjim proizvodima te antimikrobno djelovanje p\u010delinjih proizvoda.<\/p>\n<p>Istra\u017eiva\u010dki rad odvija se u okviru razli\u010ditih programskih skupina, doma\u0107ih i me\u0111unarodnih projekata te istra\u017eiva\u010dkog rada studenata na dodiplomskom i poslijediplomskom studiju. Stru\u010dni rad uklju\u010duje objavljivanje stru\u010dnih priloga, aktivno sudjelovanje na doma\u0107im i me\u0111unarodnim stru\u010dnim susretima, sudjelovanje u radnim tijelima Ministarstva poljoprivrede, prehrane i \u0161umarstva povezano s pripremom i provo\u0111enjem propisa te mjera na podru\u010dju p\u010delarstva te suradnja u stru\u010dnim aktivnostima PSS. U okviru formalnih obrazovnih programa studija prvog stupnja Biologija, redovito se izvodi izborni predmet p\u010delarstvo s mogu\u0107no\u0161\u0107u upisa studenata iz svih studijskih programa fakulteta, a povremeno i posebno za studij Zootehnike. Sadr\u017eaji koji su povezani s p\u010delarstvom se s obzirom na pokrivanje tematskih podru\u010dja uklju\u010duju i u druge kolegije razli\u010ditih studija koji se izvode na BF. U okviru centra nastoje razviti dodatne obrazovne djelatnosti na podru\u010dju p\u010delarstva na sveu\u010dili\u0161noj razini.<\/p>\n<p>\u010clanovi centra brinu se o povezivanju i djelovanju na podru\u010dju p\u010delarstva, ponajprije za promociju postignu\u0107a djelatnosti fakulteta na podru\u010dju p\u010delarstva, dobivanje novih istra\u017eiva\u010dkih projekata, stru\u010dnih zada\u0107a, novih obrazovnih sadr\u017eaja i za prijenos znanja u praksu. \u00a0U okviru svojih kompetencija i mogu\u0107nosti laboratorija, odn. radnih skupina u kojima djeluju, sudjeluju s obzirom na raspolo\u017eivu istra\u017eiva\u010dku i ostalu opremu te raspolo\u017eive izvore financiranja. Centar brine o u\u010dinkovitom povezivanju fakulteta s drugim istra\u017eiva\u010dkim, stru\u010dnim i obrazovnim organizacijama na podru\u010dju p\u010delarstva u zemlji i inozemstvu.<\/p>\n<p>&nbsp;<\/p>\n<p><strong><u>Fakultet za poljoprivredu i biosistemske znanosti (Sveu\u010dili\u0161te u Mariboru)<br \/>\n<a href=\"http:\/\/www.fkbv.um.si\/\">http:\/\/www.fkbv.um.si\/<\/a><br \/>\n<\/u><\/strong><\/p>\n<p><strong> <img loading=\"lazy\" decoding=\"async\" class=\"alignnone size-full wp-image-672\" src=\"https:\/\/sca.kis.si\/wp-content\/uploads\/2021\/03\/fzkibv.jpg\" alt=\"\" width=\"183\" height=\"130\" \/><\/strong><\/p>\n<p>Misija Fakulteta za poljoprivredu i biosistemske znanosti su istra\u017eivanje, obrazovanje i prijenos znanja u praksu za potrebe poljoprivrede, prehrambeno prera\u0111iva\u010dke industrije i grana povezanih s poljoprivredom. Istovremeno nastoji su-kreirati javno mnijenje aktivnu politiku u skrbi za sigurnost prehrane, odr\u017eivost s lokalnom hranom\u00a0 proizvedenom na na\u010din koji ne ugro\u017eava okoli\u0161, o\u010duvanje obra\u0111enih poljoprivrednih zemlji\u0161ta, pove\u0107avanje biotske raznovrsnosti, smanjivanje emisija stakleni\u010dkih plinova i ostalih one\u010di\u0161\u0107iva\u010da u okoli\u0161.<\/p>\n<p>&nbsp;<\/p>\n<p><strong><u>Veterinarski fakultet, Nacionalni veterinarski institut (Sveu\u010dili\u0161te u Ljubljani)<br \/>\n<a href=\"https:\/\/www.vf.uni-lj.si\/nvi\">https:\/\/www.vf.uni-lj.si\/nvi<\/a><br \/>\n<\/u><\/strong><\/p>\n<p><strong> <img loading=\"lazy\" decoding=\"async\" class=\"alignnone wp-image-1016 size-large\" src=\"https:\/\/sca.kis.si\/wp-content\/uploads\/2021\/04\/NVI_VF_UL-1024x768.jpg\" alt=\"\" width=\"640\" height=\"480\" srcset=\"https:\/\/sca.kis.si\/wp-content\/uploads\/2021\/04\/NVI_VF_UL-1024x768.jpg 1024w, https:\/\/sca.kis.si\/wp-content\/uploads\/2021\/04\/NVI_VF_UL-300x225.jpg 300w, https:\/\/sca.kis.si\/wp-content\/uploads\/2021\/04\/NVI_VF_UL-768x576.jpg 768w, https:\/\/sca.kis.si\/wp-content\/uploads\/2021\/04\/NVI_VF_UL-1536x1152.jpg 1536w, https:\/\/sca.kis.si\/wp-content\/uploads\/2021\/04\/NVI_VF_UL-2048x1536.jpg 2048w, https:\/\/sca.kis.si\/wp-content\/uploads\/2021\/04\/NVI_VF_UL-530x398.jpg 530w\" sizes=\"auto, (max-width: 640px) 100vw, 640px\" \/><\/strong><\/p>\n<p>Nacionalni veterinarski institut (NVI) je posebna organizacijska jedinica Veterinarskog fakulteta Sveu\u010dili\u0161ta u Ljubljani koja izvodi djelatnost javne veterinarske slu\u017ebe, kakvu mora u okviru strukovne institucije osiguravati svaka \u010dlanica Europske unije. Djelatnosti NVI ponajprije su laboratorijske pretrage materijala \u017eivotinja, namirnica i sirovina zbog dijagnostike \u017eivotinjskih infektivnih i drugih \u017eivotinjskih bolesti, odn. utvr\u0111ivanje zdravstvene primjerenosti namirnica \u017eivotinjskog porijekla, krmiva, vode za napajanje i ostalih proizvoda, izvo\u0111enje patomorfolo\u0161ke dijagnostike, izvo\u0111enje veterinarske higijenske slu\u017ebe, priprema stru\u010dnih podloga za planiranje mjera u zdravstvenoj za\u0161titi \u017eivotinja i osiguravanju sigurne hrane i krme za \u017eivotinje, pra\u0107enje zdravstvenog stanja \u017eivotinja i reprodukcije osjemenjivanjem \u017eivotinja na nacionalnoj razini, pra\u0107enje zdravstvenog stanja te lije\u010denja p\u010dela i riba te provo\u0111enje dezinfekcije, dezinsekcije i deratizacije.<\/p>\n<p>Na podru\u010dju zdravstvene za\u0161tite p\u010dela veterinari NVI prate zdravstveno stanje i provode klini\u010dke preglede p\u010dela na terenu, provode terensku i laboratorijsku dijagnostiku p\u010delinjih bolesti, p\u010delare stru\u010dno savjetuju i izdaju lijekove za p\u010dele, izdaju potvrde za promet p\u010delama, pru\u017eaju stru\u010dnu podr\u0161ku ministarstvu i ostalim institucijama na podru\u010dju p\u010delarstva kod pripreme programa \u00a0i propisa te pripremaju stru\u010dne \u010dlanke i obrazovanje za p\u010dele, veterinare i \u0161iru javnost s podru\u010dja zdravstvene za\u0161tite p\u010dela. Uklju\u010deni su i u izvo\u0111enje studentske prakse za studente Veterinarskog fakultete te u brojne doma\u0107e i me\u0111unarodne razvojne i istra\u017eiva\u010dke projekte. U okviru nabrojanih djelatnosti NVI djeluje 10 veterinara koji su specijalizirani za zdravstvenu za\u0161titu p\u010dela i na ovom podru\u010dju imaju dugogodi\u0161nje i bogato iskustvo. Osim toga NVI na podru\u010dju zdravstvene za\u0161tite p\u010dela osigurava svu najsuvremeniju laboratorijsku dijagnostiku svih najbitnijih bolesti p\u010delinjeg dru\u0161tva uklju\u010divo s bakteriolo\u0161kim pretragama, kvalitativnim \u00a0i kvantitativnim PCR metodama te sekvencioniranjem nove generacije.<\/p>\n<p>&nbsp;<\/p>\n<p><strong><u>Konzorcij srednjih \u0161kola izvo\u0111a\u010da obrazovnih programa s podru\u010dja poljoprivrede<\/u><\/strong><\/p>\n<p><strong>\u00a0<\/strong><strong>Grm Novo mesto \u2013 centar biotehnike i turizma<\/strong><\/p>\n<p><strong> <img loading=\"lazy\" decoding=\"async\" class=\"alignnone size-full wp-image-889\" src=\"https:\/\/sca.kis.si\/wp-content\/uploads\/2021\/03\/grm-novo-mesto.jpg\" alt=\"\" width=\"173\" height=\"132\" \/><\/strong><\/p>\n<p>U okviru institucije Grm Novo mesto \u2013 centar biotehnike i turizma djeluju Poljoprivredna \u0161kola Grm i biotehni\u010dka gimnazija, Srednja \u0161kola za ugostiteljstvo i turizam, Vi\u0161a stru\u010dna \u0161kola, U\u010deni\u010dki i studentski dom, Me\u0111upoduzetni\u010dki obrazovni centar sa \u0161kolskim posjedom, prera\u0111iva\u010dkim pogonima za hranu te <em>Hi\u0161om kulinarike \u2013 Gosti\u0161\u010de na trgu<\/em>. U okviru Me\u0111upoduzetni\u010dkog obrazovnog centra djeluje i Razvojni institut koji je jezgra razvoja Centra\u00a0 i u kojemu je osnovana i Visoka \u0161kola za upravljanje ruralnim podru\u010djima Novo mesto.<\/p>\n<p>U dana\u0161nje vrijeme sve si \u010de\u0161\u0107e postavljamo pitanja kakvu \u0107emo hranu jesti ubudu\u0107e? Odakle \u0107e biti ta hrana? \u0160to \u0107emo piti? Ho\u0107e li hrana\u00a0 mo\u0107i biti i lijek? U kakvom \u0107emo okoli\u0161u \u017eivjeti? Kakva vi trebala biti klima? Koje vrijednosti su bitne za \u010dovjekovu sre\u0107u? Upravo ova i sli\u010dna pitanja zahtijevaju najvi\u0161e odgovora s podru\u010dja biotehnike koju pou\u010davaju i razvijaju na Grmu Novo mesto. Ova podru\u010dja obuhva\u0107aju poljoprivredu, \u0161umarstvo, hranu i prehranu, hortikulturu, za\u0161titu prirode, veterinu, koje se povezuju s turizmom, trgovinom, poduzetni\u0161tvom, obradom drva, lovom, rekreacijom i sportom, zdravljem ljudi, ugostiteljstvom, socijalnom za\u0161titom i sl.<\/p>\n<p>Na Grmu Novo mesto sa svojom su organizacijskom strukturom i odgovaraju\u0107om infrastrukturom (moderno opremljeni MIC) te me\u0111usobnom povezano\u0161\u0107u pripravni pratiti promjene, davati odgovore na pitanja te i su-kreirati budu\u0107nost za sve koji vole prirodu, biljke, \u017eivotinje, koji u sredi\u0161tu vide kreativnog i zadovoljnog pojedinca. Zadovoljni i sretni pojedinci u me\u0111usobnoj suradnji uvjet su za kreativno i zadovoljno dru\u0161tvo.<\/p>\n<p><strong>Obrazovni centar Piramida Maribor<\/strong><\/p>\n<p><strong> <img loading=\"lazy\" decoding=\"async\" class=\"alignnone size-full wp-image-685\" src=\"https:\/\/sca.kis.si\/wp-content\/uploads\/2021\/03\/ic-piramida.jpg\" alt=\"\" width=\"158\" height=\"171\" \/><\/strong><\/p>\n<p>Obrazovni centar Piramida Maribor sredi\u0161nji je obrazovni centar na podru\u010dju hrane i prehrane u SI Sloveniji. U stru\u010dno-tehni\u010dkom obrazovanju, u\u010denicima odgovorno i stru\u010dno prenose znanja, spretnosti i vje\u0161tine tako da nadogra\u0111uju sve svoje sposobnosti s podru\u010dja prehrane i hrane koje su stekli u programu srednjeg strukovnog obrazovanja. Vertikala obrazovanje zavr\u0161ava studijem na vi\u0161oj strukovnoj \u0161koli za hranu i prehranu koja diplomantima omogu\u0107ava specijalisti\u010dka znanja zbog kojih su uspje\u0161ni na odgovornim radnim mjestima u prehrani i hrani, a tako\u0111er se mogu i dalje \u0161kolovati na fakultetu.<\/p>\n<p>U Obrazovnom centru Piramida Maribor uzorno se brinu o svojim p\u010delama na zelenom krovu. P\u010delarstvo u urbanom okoli\u0161u zapo\u010delo je kada su na tre\u0161nji zasa\u0111enoj uz \u0161kolu otkrili roj p\u010dela. P\u010delarsko se dru\u0161tvo odmah odazvalo i stru\u010dno se pobrinulo za p\u010delinje dru\u0161tvo te uredilo manju ko\u0161nicu.<\/p>\n<p>&nbsp;<\/p>\n<p><strong>Ministarstvo poljoprivrede, \u0161umarstva i prehrane<\/strong><\/p>\n<p><strong> <img loading=\"lazy\" decoding=\"async\" class=\"alignnone size-full wp-image-690\" src=\"https:\/\/sca.kis.si\/wp-content\/uploads\/2021\/03\/rs-mzkgp.jpg\" alt=\"\" width=\"261\" height=\"57\" \/><\/strong><\/p>\n<p><strong>Ministarstvo vanjskih poslova<\/strong><\/p>\n<p><strong> <img loading=\"lazy\" decoding=\"async\" class=\"alignnone size-full wp-image-694\" src=\"https:\/\/sca.kis.si\/wp-content\/uploads\/2021\/03\/rs-mzz.jpg\" alt=\"\" width=\"289\" height=\"41\" \/><\/strong><\/p>\n<p><strong>Ministarstvo obrazovanja, znanosti i sporta<\/strong><\/p>\n<p><strong> <img loading=\"lazy\" decoding=\"async\" class=\"alignnone size-full wp-image-698\" src=\"https:\/\/sca.kis.si\/wp-content\/uploads\/2021\/03\/rs-mizs.jpg\" alt=\"\" width=\"283\" height=\"50\" \/><\/strong><\/p>\n<p>&nbsp;<\/p>\n<p><strong>OSOBNA ISKAZNICA<\/strong><\/p>\n<table width=\"833\">\n<tbody>\n<tr>\n<td width=\"371\">Puni naziv<\/td>\n<td width=\"461\">Kmetijski in\u0161titut Slovenije<br \/>\nSlovenska \u010debelarska akademija<\/td>\n<\/tr>\n<tr>\n<td width=\"371\">Skra\u0107enica<\/td>\n<td width=\"461\">S\u010cA<\/td>\n<\/tr>\n<tr>\n<td width=\"371\">Adresa<\/td>\n<td width=\"461\">Kmetijski in\u0161titut Slovenije, Hacquetova ulica 17, 1000 Ljubljana, Slovenija<\/td>\n<\/tr>\n<tr>\n<td width=\"371\">Telefon<\/td>\n<td width=\"461\">00 386 01 280 51 05<\/td>\n<\/tr>\n<tr>\n<td width=\"371\">Internetska stranica i e-adresa<\/td>\n<td width=\"461\">https:\/\/sca.kis.si\/ ; sca@kis.si<\/td>\n<\/tr>\n<tr>\n<td width=\"371\">Osniva\u010d<\/td>\n<td width=\"461\">Vlada Republike Slovenije<\/td>\n<\/tr>\n<tr>\n<td width=\"371\">Djelatnost<\/td>\n<td width=\"461\">Obrazovanja za izvo\u0111a\u010de programa SPA;<br \/>\nObrazovanje za zainteresirane skupine;<br \/>\nObrazovanja za dr\u017eave u inozemstvu.<\/td>\n<\/tr>\n<tr>\n<td width=\"371\">Pravna podloga za osnivanje Slovenske p\u010delarske akademije<\/td>\n<td width=\"461\">Zakon o kmetijstvu (ZKME-1), Uradni list RS, \u0161t. 22\/18, 32\/19, 49\/20 -ZIUZEOP, 54\/20, 61\/20 \u2013 ZIUZEOP-A, 175\/20 \u2013 ZIUOPDVE 203\/20 \u2013 ZIUPOPDVE, 15\/21 &#8211; ZDUOP<\/td>\n<\/tr>\n<tr>\n<td width=\"371\">Predstojnica<\/td>\n<td width=\"461\">Valentina Cvjetkovi\u010d, univ. dipl. kult. in soc. antr.<\/td>\n<\/tr>\n<\/tbody>\n<\/table>\n<p>&nbsp;<\/p>\n","protected":false},"excerpt":{"rendered":"","protected":false},"author":5,"featured_media":0,"parent":0,"menu_order":0,"comment_status":"closed","ping_status":"closed","template":"","meta":{"_acf_changed":false,"footnotes":""},"class_list":["post-1198","page","type-page","status-publish","hentry"],"acf":[],"_links":{"self":[{"href":"https:\/\/sca.kis.si\/hr\/wp-json\/wp\/v2\/pages\/1198","targetHints":{"allow":["GET"]}}],"collection":[{"href":"https:\/\/sca.kis.si\/hr\/wp-json\/wp\/v2\/pages"}],"about":[{"href":"https:\/\/sca.kis.si\/hr\/wp-json\/wp\/v2\/types\/page"}],"author":[{"embeddable":true,"href":"https:\/\/sca.kis.si\/hr\/wp-json\/wp\/v2\/users\/5"}],"replies":[{"embeddable":true,"href":"https:\/\/sca.kis.si\/hr\/wp-json\/wp\/v2\/comments?post=1198"}],"version-history":[{"count":6,"href":"https:\/\/sca.kis.si\/hr\/wp-json\/wp\/v2\/pages\/1198\/revisions"}],"predecessor-version":[{"id":2035,"href":"https:\/\/sca.kis.si\/hr\/wp-json\/wp\/v2\/pages\/1198\/revisions\/2035"}],"wp:attachment":[{"href":"https:\/\/sca.kis.si\/hr\/wp-json\/wp\/v2\/media?parent=1198"}],"curies":[{"name":"wp","href":"https:\/\/api.w.org\/{rel}","templated":true}]}}