{"id":1230,"date":"2021-10-23T08:32:09","date_gmt":"2021-10-23T06:32:09","guid":{"rendered":"https:\/\/sca.kis.si\/?page_id=1230"},"modified":"2021-04-30T08:22:20","modified_gmt":"2021-04-30T06:22:20","slug":"obrazovanja","status":"publish","type":"page","link":"https:\/\/sca.kis.si\/hr\/obrazovanja\/","title":{"rendered":"Obrazovanja"},"content":{"rendered":"<p>Obrazovanje i osposobljavanje na podru\u010dju p\u010delarstva bitno doprinosi \u0161irenju informacija, dobrim praksama, suradnji i stjecanju novih znanja i iskustva te time podizanju osvije\u0161tenosti dru\u0161tva o va\u017enosti p\u010dela i divljih opra\u0161iva\u010da. Budu\u0107i da uspjeh p\u010delara i kvaliteta proizvoda ovise o brojnim nepredvidljivim faktorima, osim prakti\u010dnih iskustava klju\u010dno je upravno obrazovanje p\u010delara. I novi faktori koji u zadnjim desetlje\u0107ima \u0161tetno utje\u010du na p\u010dele posljedi\u010dno zahtijevaju pove\u0107anu brigu o p\u010delama, nova znanja te promijenjen na\u010din p\u010delarstva.<\/p>\n","protected":false},"excerpt":{"rendered":"","protected":false},"author":5,"featured_media":0,"parent":0,"menu_order":0,"comment_status":"closed","ping_status":"closed","template":"page-educations.php","meta":{"_acf_changed":false,"footnotes":""},"class_list":["post-1230","page","type-page","status-publish","hentry"],"acf":[],"_links":{"self":[{"href":"https:\/\/sca.kis.si\/hr\/wp-json\/wp\/v2\/pages\/1230","targetHints":{"allow":["GET"]}}],"collection":[{"href":"https:\/\/sca.kis.si\/hr\/wp-json\/wp\/v2\/pages"}],"about":[{"href":"https:\/\/sca.kis.si\/hr\/wp-json\/wp\/v2\/types\/page"}],"author":[{"embeddable":true,"href":"https:\/\/sca.kis.si\/hr\/wp-json\/wp\/v2\/users\/5"}],"replies":[{"embeddable":true,"href":"https:\/\/sca.kis.si\/hr\/wp-json\/wp\/v2\/comments?post=1230"}],"version-history":[{"count":1,"href":"https:\/\/sca.kis.si\/hr\/wp-json\/wp\/v2\/pages\/1230\/revisions"}],"predecessor-version":[{"id":1231,"href":"https:\/\/sca.kis.si\/hr\/wp-json\/wp\/v2\/pages\/1230\/revisions\/1231"}],"wp:attachment":[{"href":"https:\/\/sca.kis.si\/hr\/wp-json\/wp\/v2\/media?parent=1230"}],"curies":[{"name":"wp","href":"https:\/\/api.w.org\/{rel}","templated":true}]}}