{"id":1245,"date":"2021-04-28T17:05:11","date_gmt":"2021-04-28T15:05:11","guid":{"rendered":"https:\/\/sca.kis.si\/?page_id=1245"},"modified":"2021-04-30T09:14:51","modified_gmt":"2021-04-30T07:14:51","slug":"prijava-za-obrazovanje","status":"publish","type":"page","link":"https:\/\/sca.kis.si\/hr\/prijava-za-obrazovanje\/","title":{"rendered":"Prijava za obrazovanje"},"content":{"rendered":"<div class=\"wpforms-container wpforms-container-full\" id=\"wpforms-1244\"><form id=\"wpforms-form-1244\" class=\"wpforms-validate wpforms-form\" data-formid=\"1244\" method=\"post\" enctype=\"multipart\/form-data\" action=\"\/hr\/wp-json\/wp\/v2\/pages\/1245\" data-token=\"86506166f3a5cf99fc01ab259dbb8905\" data-token-time=\"1776799286\"><noscript class=\"wpforms-error-noscript\">Please enable JavaScript in your browser to complete this form.<\/noscript><div class=\"wpforms-field-container\"><div id=\"wpforms-1244-field_1-container\" class=\"wpforms-field wpforms-field-text\" data-field-id=\"1\"><label class=\"wpforms-field-label\" for=\"wpforms-1244-field_1\">Ime in prezime: <span class=\"wpforms-required-label\">*<\/span><\/label><input type=\"text\" id=\"wpforms-1244-field_1\" class=\"wpforms-field-medium wpforms-field-required\" name=\"wpforms[fields][1]\" required><\/div><div id=\"wpforms-1244-field_3-container\" class=\"wpforms-field wpforms-field-text\" data-field-id=\"3\"><label class=\"wpforms-field-label\" for=\"wpforms-1244-field_3\">Adresa:<\/label><input type=\"text\" id=\"wpforms-1244-field_3\" class=\"wpforms-field-medium\" name=\"wpforms[fields][3]\" ><\/div><div id=\"wpforms-1244-field_4-container\" class=\"wpforms-field wpforms-field-text\" data-field-id=\"4\"><label class=\"wpforms-field-label\" for=\"wpforms-1244-field_4\">Dr\u017eava:<\/label><input type=\"text\" id=\"wpforms-1244-field_4\" class=\"wpforms-field-medium\" name=\"wpforms[fields][4]\" ><\/div><div id=\"wpforms-1244-field_5-container\" class=\"wpforms-field wpforms-field-text\" data-field-id=\"5\"><label class=\"wpforms-field-label\" for=\"wpforms-1244-field_5\">E-mail: <span class=\"wpforms-required-label\">*<\/span><\/label><input type=\"text\" id=\"wpforms-1244-field_5\" class=\"wpforms-field-medium wpforms-field-required\" name=\"wpforms[fields][5]\" required><\/div><div id=\"wpforms-1244-field_6-container\" class=\"wpforms-field wpforms-field-text\" data-field-id=\"6\"><label class=\"wpforms-field-label\" for=\"wpforms-1244-field_6\">Mobitel:<\/label><input type=\"text\" id=\"wpforms-1244-field_6\" class=\"wpforms-field-medium\" name=\"wpforms[fields][6]\" ><\/div><div id=\"wpforms-1244-field_2-container\" class=\"wpforms-field wpforms-field-select wpforms-field-select-style-classic\" data-field-id=\"2\"><label class=\"wpforms-field-label\" for=\"wpforms-1244-field_2\">Odaberite obrazovanje: <span class=\"wpforms-required-label\">*<\/span><\/label><select id=\"wpforms-1244-field_2\" class=\"wpforms-field-medium wpforms-field-required\" name=\"wpforms[fields][2]\" required=\"required\"><option value=\"Uzgoj matica i selekcija\"  class=\"choice-1 depth-1\"  >Uzgoj matica i selekcija<\/option><option value=\"Apiturizam\"  class=\"choice-2 depth-1\"  >Apiturizam<\/option><option value=\"P\u010delarstvo A\u017d ko\u0161nicama\"  class=\"choice-3 depth-1\"  >P\u010delarstvo A\u017d ko\u0161nicama<\/option><option value=\"Smjernice dobrih higijenskih navika u p\u010delarstvu\"  class=\"choice-4 depth-1\"  >Smjernice dobrih higijenskih navika u p\u010delarstvu<\/option><\/select><\/div><\/div><!-- .wpforms-field-container --><div class=\"wpforms-submit-container\" ><input type=\"hidden\" name=\"wpforms[id]\" value=\"1244\"><input type=\"hidden\" name=\"page_title\" value=\"\"><input type=\"hidden\" name=\"page_url\" value=\"https:\/\/sca.kis.si\/hr\/wp-json\/wp\/v2\/pages\/1245\"><input type=\"hidden\" name=\"url_referer\" value=\"\"><button type=\"submit\" name=\"wpforms[submit]\" id=\"wpforms-submit-1244\" class=\"wpforms-submit green-btn\" data-alt-text=\"Po\u0161iljanje ...\" data-submit-text=\"Poslati prijavu\" aria-live=\"assertive\" value=\"wpforms-submit\">Poslati prijavu<\/button><\/div><\/form><\/div>  <!-- .wpforms-container -->\n","protected":false},"excerpt":{"rendered":"<p>Molimo vas ispunite obrazac za prijavu na obrazovanje. Nakon primitka prijave kontaktirat \u0107emo vas i obavijestiti vas o sljede\u0107im koracima.<\/p>\n","protected":false},"author":2,"featured_media":0,"parent":0,"menu_order":0,"comment_status":"closed","ping_status":"closed","template":"","meta":{"_acf_changed":false,"footnotes":""},"class_list":["post-1245","page","type-page","status-publish","hentry"],"acf":[],"_links":{"self":[{"href":"https:\/\/sca.kis.si\/hr\/wp-json\/wp\/v2\/pages\/1245","targetHints":{"allow":["GET"]}}],"collection":[{"href":"https:\/\/sca.kis.si\/hr\/wp-json\/wp\/v2\/pages"}],"about":[{"href":"https:\/\/sca.kis.si\/hr\/wp-json\/wp\/v2\/types\/page"}],"author":[{"embeddable":true,"href":"https:\/\/sca.kis.si\/hr\/wp-json\/wp\/v2\/users\/2"}],"replies":[{"embeddable":true,"href":"https:\/\/sca.kis.si\/hr\/wp-json\/wp\/v2\/comments?post=1245"}],"version-history":[{"count":2,"href":"https:\/\/sca.kis.si\/hr\/wp-json\/wp\/v2\/pages\/1245\/revisions"}],"predecessor-version":[{"id":1247,"href":"https:\/\/sca.kis.si\/hr\/wp-json\/wp\/v2\/pages\/1245\/revisions\/1247"}],"wp:attachment":[{"href":"https:\/\/sca.kis.si\/hr\/wp-json\/wp\/v2\/media?parent=1245"}],"curies":[{"name":"wp","href":"https:\/\/api.w.org\/{rel}","templated":true}]}}